{"id":25558,"date":"2024-12-17T12:09:36","date_gmt":"2024-12-17T11:09:36","guid":{"rendered":"https:\/\/mmh.si\/?page_id=25558"},"modified":"2024-12-17T12:16:13","modified_gmt":"2024-12-17T11:16:13","slug":"pravno-obvestilo","status":"publish","type":"page","link":"https:\/\/mmh.si\/?page_id=25558","title":{"rendered":"PRAVNO OBVESTILO"},"content":{"rendered":"\t\t<div data-elementor-type=\"wp-page\" data-elementor-id=\"25558\" class=\"elementor elementor-25558\">\n\t\t\t\t<div class=\"elementor-element elementor-element-1804e7c thegem-e-con-layout-elementor e-flex e-con-boxed e-con e-parent\" data-id=\"1804e7c\" data-element_type=\"container\" data-settings=\"{&quot;thegem_container_layout&quot;:&quot;elementor&quot;}\">\n\t\t\t\t\t<div class=\"e-con-inner\">\n\t\t<div class=\"elementor-element elementor-element-9bc4b5e e-con-full thegem-e-con-layout-elementor e-flex e-con e-child\" data-id=\"9bc4b5e\" data-element_type=\"container\" data-settings=\"{&quot;thegem_container_layout&quot;:&quot;elementor&quot;}\">\n\t\t\t\t<div class=\"elementor-element elementor-element-b4b04e9 flex-horizontal-align-default flex-horizontal-align-tablet-default flex-horizontal-align-mobile-default flex-vertical-align-default flex-vertical-align-tablet-default flex-vertical-align-mobile-default elementor-widget elementor-widget-text-editor\" data-id=\"b4b04e9\" data-element_type=\"widget\" data-widget_type=\"text-editor.default\">\n\t\t\t\t<div class=\"elementor-widget-container\">\n\t\t\t<style>\/*! elementor - v3.21.0 - 30-04-2024 *\/\n.elementor-widget-text-editor.elementor-drop-cap-view-stacked .elementor-drop-cap{background-color:#69727d;color:#fff}.elementor-widget-text-editor.elementor-drop-cap-view-framed .elementor-drop-cap{color:#69727d;border:3px solid;background-color:transparent}.elementor-widget-text-editor:not(.elementor-drop-cap-view-default) .elementor-drop-cap{margin-top:8px}.elementor-widget-text-editor:not(.elementor-drop-cap-view-default) .elementor-drop-cap-letter{width:1em;height:1em}.elementor-widget-text-editor .elementor-drop-cap{float:left;text-align:center;line-height:1;font-size:50px}.elementor-widget-text-editor .elementor-drop-cap-letter{display:inline-block}<\/style>\t\t\t\t\t\t\t<div class=\"elementor-text-editor elementor-clearfix\">\r\n\t\t\t\t\t\t<p><span style=\"text-align: var(--text-align);\">Na spletnih straneh predstavljamo splo\u0161ne informacije o dru\u017ebi MODULAR <\/span>MOBILE HOUSE D.O.O., njenem poslovanju in njenih proizvodih.\u00a0<\/p><p>Prosimo vas, da natan\u010dno preberete to obvestilo, ki se nana\u0161a na vsakogar, ki obi\u0161\u010de to spletno stran. Z uporabo spletne strani www.mmh.si uporabnik potrjuje, da je sprejel tu opisane pogoje in se z njimi strinja.<\/p><p><b style=\"text-align: var(--text-align);\">\u00a0<\/b><\/p><p><b style=\"text-align: var(--text-align);\">Omejitev uporabe informacij in gradiv<\/b><\/p><p>Vse informacije in gradiva (pisna in slikovna), objavljena na spletni strani mmh.si, se lahko reproducirana le v nekomercialne namene, pri \u010demer se morajo ohraniti vsa<br \/>navedena opozorila o avtorskih ali drugih pravicah. Informacij in gradiv, objavljenih na teh spletnih straneh, se ne sme prepisovati, razmno\u017eevati ali kako druga\u010de raz\u0161irjati v komercialne namene brez izrecnega pisnega dovoljenja dru\u017ebe <b>MODULAR MOBILE HOUSE D.O.O.<\/b> Na vsaki reprodukciji ali primerku vsebine teh spletnih strani mora biti uporabljen znak MODULAR MOBILE HOUSE D.O.O. v skladu s pravili celostne grafi\u010dne podobe \u2013 vse pravice pridr\u017eane. To pravno obvestilo lahko dru\u017eba MODULAR MOBILE HOUSE D.O.O., kadarkoli spremeni in je za uporabnike zavezujo\u010de v vsakokrat spremenjeni obliki, zato priporo\u010damo, da jih v primeru uporabe spremljate na spletni strani mmh.si. Z uporabo teh strani ste izkazali in potrdili, da ste seznanjeni z na\u0161imi pogoji in se z njimi<br \/>strinjate. Uporaba spletne strani mmh.si v nasprotju z navedenimi pravili je prepovedana. Uporabnik, ki uporablja spletno stran na na\u010din, ki je v nasprotju z navedenimi pravili, je v celoti materialno in od\u0161kodninsko odgovoren. Pridru\u017eujemo si pravico do uporabe in javno objavo slikovnega gradiva, katero je na\u0161 proizvod.<\/p><p><b style=\"text-align: var(--text-align);\">\u00a0<\/b><\/p><p><b style=\"text-align: var(--text-align);\">Omejitev odgovornosti<\/b><\/p><p>Vse informacije in gradiva mmh.si so informativne narave. Dru\u017eba MODULAR MOBILE HOUSE D.O.O. se trudi za pravilnost, a\u017eurnost in popolnost podatkov na spletnem mestu, vendar za njihovo to\u010dnost in celovitost ne more jam\u010diti in ne prevzema nikakr\u0161ne odgovornosti. Uporabniki uporabljajo objavljene vsebine na lastno odgovornost. Niti dru\u017eba MODULAR MOBILE HOUSE D.O.O., niti katerakoli pravna ali fizi\u010dna oseba, ki je sodelovala pri nastanku in izdelavi spletne strani mmh.si ali \u0161e sodeluje pri\u00a0<span style=\"text-align: var(--text-align);\">nadgradnjah, zato ne odgovarja za nobeno \u0161kodo, ki bi izhajala iz dostopa do,\u00a0<\/span><span style=\"text-align: var(--text-align);\">uporabe ali ne mo\u017enosti uporabe informacij na teh spletnih straneh ali za kakr\u0161nekoli\u00a0<\/span><span style=\"text-align: var(--text-align);\">napake ali pomanjkljivosti v njihovi vsebini.<\/span><\/p><p><span style=\"text-align: var(--text-align);\">Dru\u017eba MODULAR MOBILE HOUSE D.O.O. tudi ne more biti odgovorna za\u00a0<\/span><span style=\"text-align: var(--text-align);\">po\u0161kodbe (vklju\u010dno tiste, ki jih povzro\u010dijo virusi) ra\u010dunalni\u0161ke opreme, mobilnih\u00a0<\/span><span style=\"text-align: var(--text-align);\">telefonov ali katerekoli druge aplikacije, s katero je mogo\u010de dostopati do spletne\u00a0<\/span><span style=\"text-align: var(--text-align);\">strani mmh.si zaradi uporabnikovega obiska strani ali kakr\u0161nekoli njene uporabe.\u00a0<\/span><span style=\"text-align: var(--text-align);\">Dru\u017eba MODULAR MOBILE HOUSE D.O.O. ni odgovorna za nikakr\u0161no \u0161kodo\u00a0<\/span><span style=\"text-align: var(--text-align);\">kakr\u0161nekoli vrste, ki bi utegnila nastati zaradi uporabe ali nezmo\u017enosti uporabe\u00a0<\/span><span style=\"text-align: var(--text-align);\">spletne strani mmh.si.\u00a0<\/span><span style=\"text-align: var(--text-align);\">Dru\u017eba MODULAR MOBILE HOUSE D.O.O. si pridr\u017euje pravico, da spremeni\u00a0<\/span><span style=\"text-align: var(--text-align);\">vsebino spletne strani mmh.si kadarkoli, na kakr\u0161enkoli na\u010din in ne glede na razlog\u00a0<\/span><span style=\"text-align: var(--text-align);\">brez predhodnega obvestila, in ne prevzema nikakr\u0161ne odgovornosti za kakr\u0161nekoli\u00a0<\/span><span style=\"text-align: var(--text-align);\">posledice takih sprememb.<\/span><\/p>\t\t\t\t\t\t\t<\/div>\r\n\t\t\t\t\t\t\t\t<\/div>\n\t\t\t\t<\/div>\n\t\t\t\t<\/div>\n\t\t\t\t\t<\/div>\n\t\t\t\t<\/div>\n\t\t\t\t<\/div>\n\t\t","protected":false},"excerpt":{"rendered":"<p>Na spletnih straneh predstavljamo splo\u0161ne informacije o dru\u017ebi MODULAR MOBILE HOUSE D.O.O., njenem poslovanju in njenih proizvodih.\u00a0 Prosimo vas, da&#8230;<\/p>\n","protected":false},"author":1,"featured_media":0,"parent":0,"menu_order":0,"comment_status":"closed","ping_status":"closed","template":"page-fullwidth.php","meta":{"footnotes":""},"yoast_head":"<!-- This site is optimized with the Yoast SEO plugin v23.0 - https:\/\/yoast.com\/wordpress\/plugins\/seo\/ -->\n<title>PRAVNO OBVESTILO - mmh.si<\/title>\n<meta name=\"robots\" content=\"index, follow, max-snippet:-1, max-image-preview:large, max-video-preview:-1\" \/>\n<link rel=\"canonical\" href=\"https:\/\/mmh.si\/?page_id=25558\" \/>\n<meta property=\"og:locale\" content=\"sl_SI\" \/>\n<meta property=\"og:type\" content=\"article\" \/>\n<meta property=\"og:title\" content=\"PRAVNO OBVESTILO - mmh.si\" \/>\n<meta property=\"og:description\" content=\"Na spletnih straneh predstavljamo splo\u0161ne informacije o dru\u017ebi MODULAR MOBILE HOUSE D.O.O., njenem poslovanju in njenih proizvodih.\u00a0 Prosimo vas, da...\" \/>\n<meta property=\"og:url\" content=\"https:\/\/mmh.si\/?page_id=25558\" \/>\n<meta property=\"og:site_name\" content=\"mmh.si\" \/>\n<meta property=\"article:publisher\" content=\"https:\/\/www.facebook.com\/profile.php?id=61550047956851\" \/>\n<meta property=\"article:modified_time\" content=\"2024-12-17T11:16:13+00:00\" \/>\n<meta property=\"og:image\" content=\"https:\/\/mmh.si\/wp-content\/uploads\/2024\/07\/mobilne-hise-mmh.jpg\" \/>\n\t<meta property=\"og:image:width\" content=\"1200\" \/>\n\t<meta property=\"og:image:height\" content=\"800\" \/>\n\t<meta property=\"og:image:type\" content=\"image\/jpeg\" \/>\n<meta name=\"twitter:card\" content=\"summary_large_image\" \/>\n<meta name=\"twitter:label1\" content=\"Est. reading time\" \/>\n\t<meta name=\"twitter:data1\" content=\"3 minute\" \/>\n<script type=\"application\/ld+json\" class=\"yoast-schema-graph\">{\"@context\":\"https:\/\/schema.org\",\"@graph\":[{\"@type\":\"WebPage\",\"@id\":\"https:\/\/mmh.si\/?page_id=25558\",\"url\":\"https:\/\/mmh.si\/?page_id=25558\",\"name\":\"PRAVNO OBVESTILO - mmh.si\",\"isPartOf\":{\"@id\":\"https:\/\/mmh.si\/#website\"},\"datePublished\":\"2024-12-17T11:09:36+00:00\",\"dateModified\":\"2024-12-17T11:16:13+00:00\",\"breadcrumb\":{\"@id\":\"https:\/\/mmh.si\/?page_id=25558#breadcrumb\"},\"inLanguage\":\"sl-SI\",\"potentialAction\":[{\"@type\":\"ReadAction\",\"target\":[\"https:\/\/mmh.si\/?page_id=25558\"]}]},{\"@type\":\"BreadcrumbList\",\"@id\":\"https:\/\/mmh.si\/?page_id=25558#breadcrumb\",\"itemListElement\":[{\"@type\":\"ListItem\",\"position\":1,\"name\":\"Home\",\"item\":\"https:\/\/mmh.si\/\"},{\"@type\":\"ListItem\",\"position\":2,\"name\":\"PRAVNO OBVESTILO\"}]},{\"@type\":\"WebSite\",\"@id\":\"https:\/\/mmh.si\/#website\",\"url\":\"https:\/\/mmh.si\/\",\"name\":\"Modularne Mobilne Hi\u0161e\",\"description\":\"Modularne mobilne hi\u0161e\",\"publisher\":{\"@id\":\"https:\/\/mmh.si\/#organization\"},\"alternateName\":\"Mobilne hi\u0161e\",\"potentialAction\":[{\"@type\":\"SearchAction\",\"target\":{\"@type\":\"EntryPoint\",\"urlTemplate\":\"https:\/\/mmh.si\/?s={search_term_string}\"},\"query-input\":\"required name=search_term_string\"}],\"inLanguage\":\"sl-SI\"},{\"@type\":\"Organization\",\"@id\":\"https:\/\/mmh.si\/#organization\",\"name\":\"MMH.si\",\"url\":\"https:\/\/mmh.si\/\",\"logo\":{\"@type\":\"ImageObject\",\"inLanguage\":\"sl-SI\",\"@id\":\"https:\/\/mmh.si\/#\/schema\/logo\/image\/\",\"url\":\"https:\/\/mmh.si\/wp-content\/uploads\/2023\/11\/mmh-logo2.png\",\"contentUrl\":\"https:\/\/mmh.si\/wp-content\/uploads\/2023\/11\/mmh-logo2.png\",\"width\":1286,\"height\":1158,\"caption\":\"MMH.si\"},\"image\":{\"@id\":\"https:\/\/mmh.si\/#\/schema\/logo\/image\/\"},\"sameAs\":[\"https:\/\/www.facebook.com\/profile.php?id=61550047956851\"]}]}<\/script>\n<!-- \/ Yoast SEO plugin. -->","yoast_head_json":{"title":"PRAVNO OBVESTILO - mmh.si","robots":{"index":"index","follow":"follow","max-snippet":"max-snippet:-1","max-image-preview":"max-image-preview:large","max-video-preview":"max-video-preview:-1"},"canonical":"https:\/\/mmh.si\/?page_id=25558","og_locale":"sl_SI","og_type":"article","og_title":"PRAVNO OBVESTILO - mmh.si","og_description":"Na spletnih straneh predstavljamo splo\u0161ne informacije o dru\u017ebi MODULAR MOBILE HOUSE D.O.O., njenem poslovanju in njenih proizvodih.\u00a0 Prosimo vas, da...","og_url":"https:\/\/mmh.si\/?page_id=25558","og_site_name":"mmh.si","article_publisher":"https:\/\/www.facebook.com\/profile.php?id=61550047956851","article_modified_time":"2024-12-17T11:16:13+00:00","og_image":[{"width":1200,"height":800,"url":"https:\/\/mmh.si\/wp-content\/uploads\/2024\/07\/mobilne-hise-mmh.jpg","type":"image\/jpeg"}],"twitter_card":"summary_large_image","twitter_misc":{"Est. reading time":"3 minute"},"schema":{"@context":"https:\/\/schema.org","@graph":[{"@type":"WebPage","@id":"https:\/\/mmh.si\/?page_id=25558","url":"https:\/\/mmh.si\/?page_id=25558","name":"PRAVNO OBVESTILO - mmh.si","isPartOf":{"@id":"https:\/\/mmh.si\/#website"},"datePublished":"2024-12-17T11:09:36+00:00","dateModified":"2024-12-17T11:16:13+00:00","breadcrumb":{"@id":"https:\/\/mmh.si\/?page_id=25558#breadcrumb"},"inLanguage":"sl-SI","potentialAction":[{"@type":"ReadAction","target":["https:\/\/mmh.si\/?page_id=25558"]}]},{"@type":"BreadcrumbList","@id":"https:\/\/mmh.si\/?page_id=25558#breadcrumb","itemListElement":[{"@type":"ListItem","position":1,"name":"Home","item":"https:\/\/mmh.si\/"},{"@type":"ListItem","position":2,"name":"PRAVNO OBVESTILO"}]},{"@type":"WebSite","@id":"https:\/\/mmh.si\/#website","url":"https:\/\/mmh.si\/","name":"Modularne Mobilne Hi\u0161e","description":"Modularne mobilne hi\u0161e","publisher":{"@id":"https:\/\/mmh.si\/#organization"},"alternateName":"Mobilne hi\u0161e","potentialAction":[{"@type":"SearchAction","target":{"@type":"EntryPoint","urlTemplate":"https:\/\/mmh.si\/?s={search_term_string}"},"query-input":"required name=search_term_string"}],"inLanguage":"sl-SI"},{"@type":"Organization","@id":"https:\/\/mmh.si\/#organization","name":"MMH.si","url":"https:\/\/mmh.si\/","logo":{"@type":"ImageObject","inLanguage":"sl-SI","@id":"https:\/\/mmh.si\/#\/schema\/logo\/image\/","url":"https:\/\/mmh.si\/wp-content\/uploads\/2023\/11\/mmh-logo2.png","contentUrl":"https:\/\/mmh.si\/wp-content\/uploads\/2023\/11\/mmh-logo2.png","width":1286,"height":1158,"caption":"MMH.si"},"image":{"@id":"https:\/\/mmh.si\/#\/schema\/logo\/image\/"},"sameAs":["https:\/\/www.facebook.com\/profile.php?id=61550047956851"]}]}},"_links":{"self":[{"href":"https:\/\/mmh.si\/index.php?rest_route=\/wp\/v2\/pages\/25558"}],"collection":[{"href":"https:\/\/mmh.si\/index.php?rest_route=\/wp\/v2\/pages"}],"about":[{"href":"https:\/\/mmh.si\/index.php?rest_route=\/wp\/v2\/types\/page"}],"author":[{"embeddable":true,"href":"https:\/\/mmh.si\/index.php?rest_route=\/wp\/v2\/users\/1"}],"replies":[{"embeddable":true,"href":"https:\/\/mmh.si\/index.php?rest_route=%2Fwp%2Fv2%2Fcomments&post=25558"}],"version-history":[{"count":7,"href":"https:\/\/mmh.si\/index.php?rest_route=\/wp\/v2\/pages\/25558\/revisions"}],"predecessor-version":[{"id":25566,"href":"https:\/\/mmh.si\/index.php?rest_route=\/wp\/v2\/pages\/25558\/revisions\/25566"}],"wp:attachment":[{"href":"https:\/\/mmh.si\/index.php?rest_route=%2Fwp%2Fv2%2Fmedia&parent=25558"}],"curies":[{"name":"wp","href":"https:\/\/api.w.org\/{rel}","templated":true}]}}