{"id":25569,"date":"2024-12-17T12:17:58","date_gmt":"2024-12-17T11:17:58","guid":{"rendered":"https:\/\/mmh.si\/?page_id=25569"},"modified":"2024-12-17T12:19:04","modified_gmt":"2024-12-17T11:19:04","slug":"pritozbe-in-spori","status":"publish","type":"page","link":"https:\/\/mmh.si\/?page_id=25569","title":{"rendered":"Prito\u017ebe in spori"},"content":{"rendered":"\t\t<div data-elementor-type=\"wp-page\" data-elementor-id=\"25569\" class=\"elementor elementor-25569\">\n\t\t\t\t<div class=\"elementor-element elementor-element-83e6aa8 thegem-e-con-layout-elementor e-flex e-con-boxed e-con e-parent\" data-id=\"83e6aa8\" data-element_type=\"container\" data-settings=\"{&quot;thegem_container_layout&quot;:&quot;elementor&quot;}\">\n\t\t\t\t\t<div class=\"e-con-inner\">\n\t\t<div class=\"elementor-element elementor-element-be7d968 e-con-full thegem-e-con-layout-elementor e-flex e-con e-child\" data-id=\"be7d968\" data-element_type=\"container\" data-settings=\"{&quot;thegem_container_layout&quot;:&quot;elementor&quot;}\">\n\t\t\t\t<div class=\"elementor-element elementor-element-deec73d flex-horizontal-align-default flex-horizontal-align-tablet-default flex-horizontal-align-mobile-default flex-vertical-align-default flex-vertical-align-tablet-default flex-vertical-align-mobile-default elementor-widget elementor-widget-text-editor\" data-id=\"deec73d\" data-element_type=\"widget\" data-widget_type=\"text-editor.default\">\n\t\t\t\t<div class=\"elementor-widget-container\">\n\t\t\t<style>\/*! elementor - v3.21.0 - 30-04-2024 *\/\n.elementor-widget-text-editor.elementor-drop-cap-view-stacked .elementor-drop-cap{background-color:#69727d;color:#fff}.elementor-widget-text-editor.elementor-drop-cap-view-framed .elementor-drop-cap{color:#69727d;border:3px solid;background-color:transparent}.elementor-widget-text-editor:not(.elementor-drop-cap-view-default) .elementor-drop-cap{margin-top:8px}.elementor-widget-text-editor:not(.elementor-drop-cap-view-default) .elementor-drop-cap-letter{width:1em;height:1em}.elementor-widget-text-editor .elementor-drop-cap{float:left;text-align:center;line-height:1;font-size:50px}.elementor-widget-text-editor .elementor-drop-cap-letter{display:inline-block}<\/style>\t\t\t\t\t\t\t<div class=\"elementor-text-editor elementor-clearfix\">\r\n\t\t\t\t\t\t<p>Ponudnik spo\u0161tuje veljavno zakonodajo o varstvu potro\u0161nikov in se po vseh mo\u010deh trudi izpolnjevati svojo dol\u017enost zagotavljanja u\u010dinkovitega sistema obravnavanja prito\u017eb. Prito\u017ebo lahko uporabniki po\u0161ljejo na e-mail <b>info@mmh.si<\/b> ali po klasi\u010dni po\u0161ti na naslov:&nbsp;MODULAR MOBILE HOUSE d.o.o., Podvin pri Polzeli 206, 3313 Polzela, Slovenija. Postopek obravnave prito\u017ebe je zaupen. MODULAR MOBILE HOUSE d.o.o., se zaveda, da je bistvena zna\u010dilnost potro\u0161ni\u0161kih sporov nesorazmernost med ekonomsko vrednostjo zahtevka in potrebnim \u010dasom ter stro\u0161ki, ki nastanejo zaradi re\u0161evanja spora, kar je tudi glavna ovira, da potro\u0161nik ne spro\u017ei spora pred sodi\u0161\u010dem. Zato si&nbsp;MODULAR MOBILE HOUSE d.o.o.,&nbsp;prizadeva po svojih najbolj\u0161ih mo\u010deh, da se morebitni spori re\u0161ijo sporazumno. Ponudnik mora v petih delovnih<br>dneh potrditi, da je prejel prito\u017ebo, sporo\u010diti uporabniku, kako dolgo jo bo obravnaval in ga vseskozi obve\u0161\u010dati o poteku postopka.<\/p>\t\t\t\t\t\t\t<\/div>\r\n\t\t\t\t\t\t\t\t<\/div>\n\t\t\t\t<\/div>\n\t\t\t\t<\/div>\n\t\t\t\t\t<\/div>\n\t\t\t\t<\/div>\n\t\t\t\t<\/div>\n\t\t","protected":false},"excerpt":{"rendered":"<p>Ponudnik spo\u0161tuje veljavno zakonodajo o varstvu potro\u0161nikov in se po vseh mo\u010deh trudi izpolnjevati svojo dol\u017enost zagotavljanja u\u010dinkovitega sistema obravnavanja&#8230;<\/p>\n","protected":false},"author":1,"featured_media":0,"parent":0,"menu_order":0,"comment_status":"closed","ping_status":"closed","template":"page-fullwidth.php","meta":{"footnotes":""},"yoast_head":"<!-- This site is optimized with the Yoast SEO plugin v23.0 - https:\/\/yoast.com\/wordpress\/plugins\/seo\/ -->\n<title>Prito\u017ebe in spori - mmh.si<\/title>\n<meta name=\"robots\" content=\"index, follow, max-snippet:-1, max-image-preview:large, max-video-preview:-1\" \/>\n<link rel=\"canonical\" href=\"https:\/\/mmh.si\/?page_id=25569\" \/>\n<meta property=\"og:locale\" content=\"sl_SI\" \/>\n<meta property=\"og:type\" content=\"article\" \/>\n<meta property=\"og:title\" content=\"Prito\u017ebe in spori - mmh.si\" \/>\n<meta property=\"og:description\" content=\"Ponudnik spo\u0161tuje veljavno zakonodajo o varstvu potro\u0161nikov in se po vseh mo\u010deh trudi izpolnjevati svojo dol\u017enost zagotavljanja u\u010dinkovitega sistema obravnavanja...\" \/>\n<meta property=\"og:url\" content=\"https:\/\/mmh.si\/?page_id=25569\" \/>\n<meta property=\"og:site_name\" content=\"mmh.si\" \/>\n<meta property=\"article:publisher\" content=\"https:\/\/www.facebook.com\/profile.php?id=61550047956851\" \/>\n<meta property=\"article:modified_time\" content=\"2024-12-17T11:19:04+00:00\" \/>\n<meta property=\"og:image\" content=\"https:\/\/mmh.si\/wp-content\/uploads\/2024\/07\/mobilne-hise-mmh.jpg\" \/>\n\t<meta property=\"og:image:width\" content=\"1200\" \/>\n\t<meta property=\"og:image:height\" content=\"800\" \/>\n\t<meta property=\"og:image:type\" content=\"image\/jpeg\" \/>\n<meta name=\"twitter:card\" content=\"summary_large_image\" \/>\n<meta name=\"twitter:label1\" content=\"Est. reading time\" \/>\n\t<meta name=\"twitter:data1\" content=\"1 minuta\" \/>\n<script type=\"application\/ld+json\" class=\"yoast-schema-graph\">{\"@context\":\"https:\/\/schema.org\",\"@graph\":[{\"@type\":\"WebPage\",\"@id\":\"https:\/\/mmh.si\/?page_id=25569\",\"url\":\"https:\/\/mmh.si\/?page_id=25569\",\"name\":\"Prito\u017ebe in spori - mmh.si\",\"isPartOf\":{\"@id\":\"https:\/\/mmh.si\/#website\"},\"datePublished\":\"2024-12-17T11:17:58+00:00\",\"dateModified\":\"2024-12-17T11:19:04+00:00\",\"breadcrumb\":{\"@id\":\"https:\/\/mmh.si\/?page_id=25569#breadcrumb\"},\"inLanguage\":\"sl-SI\",\"potentialAction\":[{\"@type\":\"ReadAction\",\"target\":[\"https:\/\/mmh.si\/?page_id=25569\"]}]},{\"@type\":\"BreadcrumbList\",\"@id\":\"https:\/\/mmh.si\/?page_id=25569#breadcrumb\",\"itemListElement\":[{\"@type\":\"ListItem\",\"position\":1,\"name\":\"Home\",\"item\":\"https:\/\/mmh.si\/\"},{\"@type\":\"ListItem\",\"position\":2,\"name\":\"Prito\u017ebe in spori\"}]},{\"@type\":\"WebSite\",\"@id\":\"https:\/\/mmh.si\/#website\",\"url\":\"https:\/\/mmh.si\/\",\"name\":\"Modularne Mobilne Hi\u0161e\",\"description\":\"Modularne mobilne hi\u0161e\",\"publisher\":{\"@id\":\"https:\/\/mmh.si\/#organization\"},\"alternateName\":\"Mobilne hi\u0161e\",\"potentialAction\":[{\"@type\":\"SearchAction\",\"target\":{\"@type\":\"EntryPoint\",\"urlTemplate\":\"https:\/\/mmh.si\/?s={search_term_string}\"},\"query-input\":\"required name=search_term_string\"}],\"inLanguage\":\"sl-SI\"},{\"@type\":\"Organization\",\"@id\":\"https:\/\/mmh.si\/#organization\",\"name\":\"MMH.si\",\"url\":\"https:\/\/mmh.si\/\",\"logo\":{\"@type\":\"ImageObject\",\"inLanguage\":\"sl-SI\",\"@id\":\"https:\/\/mmh.si\/#\/schema\/logo\/image\/\",\"url\":\"https:\/\/mmh.si\/wp-content\/uploads\/2023\/11\/mmh-logo2.png\",\"contentUrl\":\"https:\/\/mmh.si\/wp-content\/uploads\/2023\/11\/mmh-logo2.png\",\"width\":1286,\"height\":1158,\"caption\":\"MMH.si\"},\"image\":{\"@id\":\"https:\/\/mmh.si\/#\/schema\/logo\/image\/\"},\"sameAs\":[\"https:\/\/www.facebook.com\/profile.php?id=61550047956851\"]}]}<\/script>\n<!-- \/ Yoast SEO plugin. -->","yoast_head_json":{"title":"Prito\u017ebe in spori - mmh.si","robots":{"index":"index","follow":"follow","max-snippet":"max-snippet:-1","max-image-preview":"max-image-preview:large","max-video-preview":"max-video-preview:-1"},"canonical":"https:\/\/mmh.si\/?page_id=25569","og_locale":"sl_SI","og_type":"article","og_title":"Prito\u017ebe in spori - mmh.si","og_description":"Ponudnik spo\u0161tuje veljavno zakonodajo o varstvu potro\u0161nikov in se po vseh mo\u010deh trudi izpolnjevati svojo dol\u017enost zagotavljanja u\u010dinkovitega sistema obravnavanja...","og_url":"https:\/\/mmh.si\/?page_id=25569","og_site_name":"mmh.si","article_publisher":"https:\/\/www.facebook.com\/profile.php?id=61550047956851","article_modified_time":"2024-12-17T11:19:04+00:00","og_image":[{"width":1200,"height":800,"url":"https:\/\/mmh.si\/wp-content\/uploads\/2024\/07\/mobilne-hise-mmh.jpg","type":"image\/jpeg"}],"twitter_card":"summary_large_image","twitter_misc":{"Est. reading time":"1 minuta"},"schema":{"@context":"https:\/\/schema.org","@graph":[{"@type":"WebPage","@id":"https:\/\/mmh.si\/?page_id=25569","url":"https:\/\/mmh.si\/?page_id=25569","name":"Prito\u017ebe in spori - mmh.si","isPartOf":{"@id":"https:\/\/mmh.si\/#website"},"datePublished":"2024-12-17T11:17:58+00:00","dateModified":"2024-12-17T11:19:04+00:00","breadcrumb":{"@id":"https:\/\/mmh.si\/?page_id=25569#breadcrumb"},"inLanguage":"sl-SI","potentialAction":[{"@type":"ReadAction","target":["https:\/\/mmh.si\/?page_id=25569"]}]},{"@type":"BreadcrumbList","@id":"https:\/\/mmh.si\/?page_id=25569#breadcrumb","itemListElement":[{"@type":"ListItem","position":1,"name":"Home","item":"https:\/\/mmh.si\/"},{"@type":"ListItem","position":2,"name":"Prito\u017ebe in spori"}]},{"@type":"WebSite","@id":"https:\/\/mmh.si\/#website","url":"https:\/\/mmh.si\/","name":"Modularne Mobilne Hi\u0161e","description":"Modularne mobilne hi\u0161e","publisher":{"@id":"https:\/\/mmh.si\/#organization"},"alternateName":"Mobilne hi\u0161e","potentialAction":[{"@type":"SearchAction","target":{"@type":"EntryPoint","urlTemplate":"https:\/\/mmh.si\/?s={search_term_string}"},"query-input":"required name=search_term_string"}],"inLanguage":"sl-SI"},{"@type":"Organization","@id":"https:\/\/mmh.si\/#organization","name":"MMH.si","url":"https:\/\/mmh.si\/","logo":{"@type":"ImageObject","inLanguage":"sl-SI","@id":"https:\/\/mmh.si\/#\/schema\/logo\/image\/","url":"https:\/\/mmh.si\/wp-content\/uploads\/2023\/11\/mmh-logo2.png","contentUrl":"https:\/\/mmh.si\/wp-content\/uploads\/2023\/11\/mmh-logo2.png","width":1286,"height":1158,"caption":"MMH.si"},"image":{"@id":"https:\/\/mmh.si\/#\/schema\/logo\/image\/"},"sameAs":["https:\/\/www.facebook.com\/profile.php?id=61550047956851"]}]}},"_links":{"self":[{"href":"https:\/\/mmh.si\/index.php?rest_route=\/wp\/v2\/pages\/25569"}],"collection":[{"href":"https:\/\/mmh.si\/index.php?rest_route=\/wp\/v2\/pages"}],"about":[{"href":"https:\/\/mmh.si\/index.php?rest_route=\/wp\/v2\/types\/page"}],"author":[{"embeddable":true,"href":"https:\/\/mmh.si\/index.php?rest_route=\/wp\/v2\/users\/1"}],"replies":[{"embeddable":true,"href":"https:\/\/mmh.si\/index.php?rest_route=%2Fwp%2Fv2%2Fcomments&post=25569"}],"version-history":[{"count":4,"href":"https:\/\/mmh.si\/index.php?rest_route=\/wp\/v2\/pages\/25569\/revisions"}],"predecessor-version":[{"id":25573,"href":"https:\/\/mmh.si\/index.php?rest_route=\/wp\/v2\/pages\/25569\/revisions\/25573"}],"wp:attachment":[{"href":"https:\/\/mmh.si\/index.php?rest_route=%2Fwp%2Fv2%2Fmedia&parent=25569"}],"curies":[{"name":"wp","href":"https:\/\/api.w.org\/{rel}","templated":true}]}}